{"id":11,"date":"2017-11-07T18:43:09","date_gmt":"2017-11-07T17:43:09","guid":{"rendered":"http:\/\/eulaliavalldosera.com\/penelope\/?page_id=11"},"modified":"2017-11-07T18:43:09","modified_gmt":"2017-11-07T17:43:09","slug":"documents-press","status":"publish","type":"page","link":"https:\/\/eulaliavalldosera.com\/penelope\/documents-press\/","title":{"rendered":"Documents &#038; Press"},"content":{"rendered":"<div class=\"su-row\">\n<div class=\"su-column su-column-size-1-2\"><div class=\"su-column-inner su-u-clearfix su-u-trim\">\n<h1>PENELOPE HAS A VOICE<\/h1>\n<h3>by Eulalia Valldosera<\/h3>\n<\/div><\/div>\n<div class=\"su-column su-column-size-1-2\"><div class=\"su-column-inner su-u-clearfix su-u-trim\">\n<h1><span style=\"color: #808080;\">PENELOPE TIENE VOZ<\/span><\/h1>\n<\/div><\/div>\n<\/div>\n<p>&nbsp;<\/p>\n<h4>Documents &amp; Press<\/h4>\n<p><a href=\"http:\/\/www.lavanguardia.com\/cultura\/20170328\/421246472288\/bienal-antartida-eulalia-valldosera.html\">LA VANGUARDIA: Ballenas que nos ense\u00f1an a morir por MIQUEL MOLINA 28\/03\/2017<\/a>\u00a0 \u00a0 \u00a0\u00a0<em>&#8220;&#8230;Las especies, explicaba esta prestigiosa artista-m\u00e9dium, se comunican con ella a trav\u00e9s de vibraciones que percibe en sus manos, que son sus antenas.\u00a0El acto de fe del que hablamos consiste en asumir que pueden existir planos de realidad diferentes, aunque para acceder a ellos sea necesario ejercitar la capacidad que todos tenemos de explorarlos (&#8230;) la carga emocional de sus palabras se multiplic\u00f3 durante las audiciones en la biblioteca del barco, en plena traves\u00eda del tempestuoso Paso de Drake. Cada noche a las diez, el p\u00fablico tomaba asiento en la sala m\u00e1s noble del Akademik Vavilov. All\u00ed, entre los libros que recordaban las gestas de Amundsen, Scott, Shackleton o el ruso Fabian Gottlieb von Bellingshausen (el primer navegante en divisar la Ant\u00e1rtida) se oficiaba el ritual. \u201cEulalia\u2019s time\u201d.&#8221;<\/em><\/p>\n<p><a href=\"https:\/\/www.artsy.net\/article\/artsy-editorial-boat-full-artists-made-art-way-antarctica\" target=\"_blank\" rel=\"noopener noreferrer\">artsy.net: A Boat Full of Artists Made Art All the Way to Antarctica by DARRELL HARTMAN 28\/03\/ 2017<\/a>\u00a0 \u00a0 <em>\u00a0 &#8220;&#8230;What has struck me the most is the notion of Antarctica as a sacred space\u2014an area that artists may find almost untouchable for fear of contamination. This preciousness is part of the promise of Antarctica, as both a subject and context for art.&#8221;<\/em><\/p>\n<p><a href=\"http:\/\/www.lavanguardia.com\/cultura\/20170402\/421370380768\/requiem-por-la-antartida.html\">LA VANGUARDIA: R\u00e9quiem por la Ant\u00e1rtida por MIQUEL MOLINA 02\/04\/2017<\/a>\u00a0 \u00a0 \u00a0\u00a0<em>&#8220;&#8230;los animales ant\u00e1rticos se dirig\u00edan a los viajeros a trav\u00e9s de la voz po\u00e9tica de la artista-m\u00e9dium. Aunque su obra sedujo mucho a quienes se acercaron a escucharla, hubiera tenido a\u00fan m\u00e1s repercusi\u00f3n de haber participado en persona en la expedici\u00f3n&#8230;&#8221;<\/em><\/p>\n<p><a href=\"http:\/\/THE ART NEWSPAPER: Dispatches from our Man at the Antarctic Biennale: returning home by ADRIAN DANNATT | 17.04.2017\">THE ART NEWSPAPER: Dispatches from our Man at the Antarctic Biennale: returning home by ADRIAN DANNATT \u00a017\/04\/2017<\/a>\u00a0 \u00a0 \u00a0\u00a0<em>&#8220;&#8230;like a s\u00e9ance, down in the library; one Bluetooth mobile speaker in Yves Klein blue on the table and then the voice of Eulalia Valldosera (&#8230;) her mind-reading telepathic powers charting our own journey and communication with the jellyfish. What she terms \u2018mystic activism\u2019&#8230;&#8221;<\/em><\/p>\n","protected":false},"excerpt":{"rendered":"<p>&nbsp; Documents &amp; Press LA VANGUARDIA: Ballenas que nos ense\u00f1an a morir por MIQUEL MOLINA 28\/03\/2017\u00a0 \u00a0 \u00a0\u00a0&#8220;&#8230;Las especies, explicaba esta prestigiosa artista-m\u00e9dium, se comunican con ella a&#8230;<\/p>\n","protected":false},"author":1,"featured_media":0,"parent":0,"menu_order":0,"comment_status":"closed","ping_status":"closed","template":"","meta":[],"yoast_head":"<!-- This site is optimized with the Yoast SEO plugin v18.0 - https:\/\/yoast.com\/wordpress\/plugins\/seo\/ -->\n<title>Documents &amp; Press - Penelope has a voice<\/title>\n<meta name=\"robots\" content=\"index, follow, max-snippet:-1, max-image-preview:large, max-video-preview:-1\" \/>\n<link rel=\"canonical\" href=\"https:\/\/eulaliavalldosera.com\/penelope\/documents-press\/\" \/>\n<meta property=\"og:locale\" content=\"ca_ES\" \/>\n<meta property=\"og:type\" content=\"article\" \/>\n<meta property=\"og:title\" content=\"Documents &amp; Press - Penelope has a voice\" \/>\n<meta property=\"og:description\" content=\"&nbsp; Documents &amp; Press LA VANGUARDIA: Ballenas que nos ense\u00f1an a morir por MIQUEL MOLINA 28\/03\/2017\u00a0 \u00a0 \u00a0\u00a0&#8220;&#8230;Las especies, explicaba esta prestigiosa artista-m\u00e9dium, se comunican con ella a...\" \/>\n<meta property=\"og:url\" content=\"https:\/\/eulaliavalldosera.com\/penelope\/documents-press\/\" \/>\n<meta property=\"og:site_name\" content=\"Penelope has a voice\" \/>\n<meta name=\"twitter:card\" content=\"summary\" \/>\n<meta name=\"twitter:label1\" content=\"Temps estimat de lectura\" \/>\n\t<meta name=\"twitter:data1\" content=\"2 minuts\" \/>\n<script type=\"application\/ld+json\" class=\"yoast-schema-graph\">{\"@context\":\"https:\/\/schema.org\",\"@graph\":[{\"@type\":\"WebSite\",\"@id\":\"https:\/\/eulaliavalldosera.com\/penelope\/#website\",\"url\":\"https:\/\/eulaliavalldosera.com\/penelope\/\",\"name\":\"Penelope has a voice\",\"description\":\"Altre lloc gestionat amb el WordPress\",\"potentialAction\":[{\"@type\":\"SearchAction\",\"target\":{\"@type\":\"EntryPoint\",\"urlTemplate\":\"https:\/\/eulaliavalldosera.com\/penelope\/?s={search_term_string}\"},\"query-input\":\"required name=search_term_string\"}],\"inLanguage\":\"ca\"},{\"@type\":\"WebPage\",\"@id\":\"https:\/\/eulaliavalldosera.com\/penelope\/documents-press\/#webpage\",\"url\":\"https:\/\/eulaliavalldosera.com\/penelope\/documents-press\/\",\"name\":\"Documents & Press - Penelope has a voice\",\"isPartOf\":{\"@id\":\"https:\/\/eulaliavalldosera.com\/penelope\/#website\"},\"datePublished\":\"2017-11-07T17:43:09+00:00\",\"dateModified\":\"2017-11-07T17:43:09+00:00\",\"breadcrumb\":{\"@id\":\"https:\/\/eulaliavalldosera.com\/penelope\/documents-press\/#breadcrumb\"},\"inLanguage\":\"ca\",\"potentialAction\":[{\"@type\":\"ReadAction\",\"target\":[\"https:\/\/eulaliavalldosera.com\/penelope\/documents-press\/\"]}]},{\"@type\":\"BreadcrumbList\",\"@id\":\"https:\/\/eulaliavalldosera.com\/penelope\/documents-press\/#breadcrumb\",\"itemListElement\":[{\"@type\":\"ListItem\",\"position\":1,\"name\":\"Inici\",\"item\":\"https:\/\/eulaliavalldosera.com\/penelope\/\"},{\"@type\":\"ListItem\",\"position\":2,\"name\":\"Documents &#038; Press\"}]}]}<\/script>\n<!-- \/ Yoast SEO plugin. -->","yoast_head_json":{"title":"Documents & Press - Penelope has a voice","robots":{"index":"index","follow":"follow","max-snippet":"max-snippet:-1","max-image-preview":"max-image-preview:large","max-video-preview":"max-video-preview:-1"},"canonical":"https:\/\/eulaliavalldosera.com\/penelope\/documents-press\/","og_locale":"ca_ES","og_type":"article","og_title":"Documents & Press - Penelope has a voice","og_description":"&nbsp; Documents &amp; Press LA VANGUARDIA: Ballenas que nos ense\u00f1an a morir por MIQUEL MOLINA 28\/03\/2017\u00a0 \u00a0 \u00a0\u00a0&#8220;&#8230;Las especies, explicaba esta prestigiosa artista-m\u00e9dium, se comunican con ella a...","og_url":"https:\/\/eulaliavalldosera.com\/penelope\/documents-press\/","og_site_name":"Penelope has a voice","twitter_card":"summary","twitter_misc":{"Temps estimat de lectura":"2 minuts"},"schema":{"@context":"https:\/\/schema.org","@graph":[{"@type":"WebSite","@id":"https:\/\/eulaliavalldosera.com\/penelope\/#website","url":"https:\/\/eulaliavalldosera.com\/penelope\/","name":"Penelope has a voice","description":"Altre lloc gestionat amb el WordPress","potentialAction":[{"@type":"SearchAction","target":{"@type":"EntryPoint","urlTemplate":"https:\/\/eulaliavalldosera.com\/penelope\/?s={search_term_string}"},"query-input":"required name=search_term_string"}],"inLanguage":"ca"},{"@type":"WebPage","@id":"https:\/\/eulaliavalldosera.com\/penelope\/documents-press\/#webpage","url":"https:\/\/eulaliavalldosera.com\/penelope\/documents-press\/","name":"Documents & Press - Penelope has a voice","isPartOf":{"@id":"https:\/\/eulaliavalldosera.com\/penelope\/#website"},"datePublished":"2017-11-07T17:43:09+00:00","dateModified":"2017-11-07T17:43:09+00:00","breadcrumb":{"@id":"https:\/\/eulaliavalldosera.com\/penelope\/documents-press\/#breadcrumb"},"inLanguage":"ca","potentialAction":[{"@type":"ReadAction","target":["https:\/\/eulaliavalldosera.com\/penelope\/documents-press\/"]}]},{"@type":"BreadcrumbList","@id":"https:\/\/eulaliavalldosera.com\/penelope\/documents-press\/#breadcrumb","itemListElement":[{"@type":"ListItem","position":1,"name":"Inici","item":"https:\/\/eulaliavalldosera.com\/penelope\/"},{"@type":"ListItem","position":2,"name":"Documents &#038; Press"}]}]}},"_links":{"self":[{"href":"https:\/\/eulaliavalldosera.com\/penelope\/wp-json\/wp\/v2\/pages\/11"}],"collection":[{"href":"https:\/\/eulaliavalldosera.com\/penelope\/wp-json\/wp\/v2\/pages"}],"about":[{"href":"https:\/\/eulaliavalldosera.com\/penelope\/wp-json\/wp\/v2\/types\/page"}],"author":[{"embeddable":true,"href":"https:\/\/eulaliavalldosera.com\/penelope\/wp-json\/wp\/v2\/users\/1"}],"replies":[{"embeddable":true,"href":"https:\/\/eulaliavalldosera.com\/penelope\/wp-json\/wp\/v2\/comments?post=11"}],"version-history":[{"count":1,"href":"https:\/\/eulaliavalldosera.com\/penelope\/wp-json\/wp\/v2\/pages\/11\/revisions"}],"predecessor-version":[{"id":12,"href":"https:\/\/eulaliavalldosera.com\/penelope\/wp-json\/wp\/v2\/pages\/11\/revisions\/12"}],"wp:attachment":[{"href":"https:\/\/eulaliavalldosera.com\/penelope\/wp-json\/wp\/v2\/media?parent=11"}],"curies":[{"name":"wp","href":"https:\/\/api.w.org\/{rel}","templated":true}]}}