{"id":13,"date":"2017-11-07T18:47:08","date_gmt":"2017-11-07T17:47:08","guid":{"rendered":"http:\/\/eulaliavalldosera.com\/penelope\/?page_id=13"},"modified":"2017-11-07T18:47:08","modified_gmt":"2017-11-07T17:47:08","slug":"bio","status":"publish","type":"page","link":"https:\/\/eulaliavalldosera.com\/penelope\/bio\/","title":{"rendered":"Bio"},"content":{"rendered":"<div class=\"su-row\">\n<div class=\"su-column su-column-size-1-2\"><div class=\"su-column-inner su-u-clearfix su-u-trim\">\n<h1>PENELOPE HAS A VOICE<\/h1>\n<h3>by Eulalia Valldosera<\/h3>\n<\/div><\/div>\n<div class=\"su-column su-column-size-1-2\"><div class=\"su-column-inner su-u-clearfix su-u-trim\">\n<h1><span style=\"color: #808080;\">PENELOPE TIENE VOZ<\/span><\/h1>\n<\/div><\/div>\n<\/div>\n<p>&nbsp;<\/p>\n<h4>Bio<\/h4>\n<div class=\"su-row\">\n<div class=\"su-column su-column-size-1-2\"><div class=\"su-column-inner su-u-clearfix su-u-trim\">\n<p><strong><img loading=\"lazy\" class=\" wp-image-14 alignleft\" src=\"http:\/\/eulaliavalldosera.com\/penelope\/wp-content\/uploads\/2017\/11\/retrat-20120-conferencia-copia-241x300.jpg\" alt=\"\" width=\"241\" height=\"297\" \/>Eulalia Valldosera<\/strong> (born near Barcelona in 1963) has developed a body of work demystifying the status of the artist as a unique creator, conceiving herself, in her own words, \u2018as a producer of meanings, rather than as a producer of works\u2019. This process began with her questioning the conventional representation of women and, hence, recuperating areas of femininity that were vanishing within a male-dominated world of work. Eul\u00e0lia has explored the notions of sexual identity, love, illness and death as well as issues related to memory and the ways in which we reconstruct our past.<\/p>\n<p>Through a dynamic practice that interweaves photography, performance, installation and video, Valldosera engages in an elusive theatrical portrayal of our identities, placing her body, our body, as a measure and referent of all experience. Known worldwide by her light and shadow projections where technology coexists with simple everyday objetcs, she\u2019s been transforming museum\u2019s spaces to recreate what she calls the \u2018house of the Self\u2019 as a way to explore the collective psique and to speak directly to our unconscious and hidden believes.<\/p>\n<p>Her last cicle of works are based on her hability as a medium or channeler, and focuses on historical spaces and Nature conceived as an archive of memories that she&#8217;s able &#8216;to unveil and reconstruct in order to restore our habilities of healing ourselves and our ecosystem&#8217;. Such vindication of our innate telephatic potential as humans allows her &#8216;to give voice to those who are absent in the social dialogue\u2019 and to spread her believe on the healing power of art on her works, texts and workshops.<\/p>\n<\/div><\/div>\n<div class=\"su-column su-column-size-1-2\"><div class=\"su-column-inner su-u-clearfix su-u-trim\">\n<p><span style=\"color: #808080;\"><strong>Eulalia Valldosera<\/strong> (nacida cerca de Barcelona en 1963) ha desarrollado un cuerpo de trabajo que desmitifica el status de la artista como creador \u00fanico, concebi\u00e9ndose, en sus propias palabras, \u00abcomo productora de significados y no como productora de obras\u00bb. Este proceso comenz\u00f3 cuestion\u00e1ndose la representaci\u00f3n convencional de la mujer que la llev\u00f3 a querer recuperar las \u00e1reas de feminidad que se desvanecen en un mundo dominado por los hombres y su modo de concebir la esfera del trabajo. Eul\u00e0lia ha explorado las nociones de identidad sexual, amor, enfermedad y muerte, as\u00ed como cuestiones relacionadas con la memoria y las formas en que reconstruimos nuestro pasado.<\/span><\/p>\n<p><span style=\"color: #808080;\">A trav\u00e9s de una pr\u00e1ctica din\u00e1mica que entrelaza la fotograf\u00eda, la performance, la instalaci\u00f3n y el v\u00eddeo, Valldosera se dedica a una elusiva representaci\u00f3n teatral de nuestras identidades, colocando su cuerpo, nuestro cuerpo, como medida y referente de toda experiencia. Conocida mundialmente por sus proyecciones de luz y sombra, donde la tecnolog\u00eda coexiste con simples objetos cotidianos, ha estado transformando los espacios muse\u00edsticos para recrear lo que ella llama la &#8220;casa del Ser&#8221; como una forma de explorar el psique colectivo y hablar directamente a nuestro inconsciente y creencias ocultas.<\/span><\/p>\n<p><span style=\"color: #808080;\">Su \u00faltimo ciclo de obras se basa en su habilidad como medium o canalizadora, y se centra en los espacios hist\u00f3ricos y la Naturaleza concebidos como un archivo de recuerdos que ella es capaz de &#8220;desvelar y reconstruir para restaurar nuestras habilidades de sanaci\u00f3n a nosotros mismos y nuestro ecosistema&#8221;. Tal reivindicaci\u00f3n de este potencial telep\u00e1tico innato en los seres humanos le permite &#8220;dar voz a aquellos que est\u00e1n ausentes en el di\u00e1logo social\u201d y a difundor su creencia en el poder curativo del arte tanto en su obra como en sus textos y en sus talleres.<\/span><\/p>\n<\/div><\/div>\n<\/div>\n<p>&nbsp;<\/p>\n<h4><\/h4>\n","protected":false},"excerpt":{"rendered":"<p>&nbsp; Bio &nbsp;<\/p>\n","protected":false},"author":1,"featured_media":0,"parent":0,"menu_order":0,"comment_status":"closed","ping_status":"closed","template":"","meta":[],"yoast_head":"<!-- This site is optimized with the Yoast SEO plugin v18.0 - https:\/\/yoast.com\/wordpress\/plugins\/seo\/ -->\n<title>Bio - Penelope has a voice<\/title>\n<meta name=\"robots\" content=\"index, follow, max-snippet:-1, max-image-preview:large, max-video-preview:-1\" \/>\n<link rel=\"canonical\" href=\"https:\/\/eulaliavalldosera.com\/penelope\/bio\/\" \/>\n<meta property=\"og:locale\" content=\"ca_ES\" \/>\n<meta property=\"og:type\" content=\"article\" \/>\n<meta property=\"og:title\" content=\"Bio - Penelope has a voice\" \/>\n<meta property=\"og:description\" content=\"&nbsp; Bio &nbsp;\" \/>\n<meta property=\"og:url\" content=\"https:\/\/eulaliavalldosera.com\/penelope\/bio\/\" \/>\n<meta property=\"og:site_name\" content=\"Penelope has a voice\" \/>\n<meta property=\"og:image\" content=\"http:\/\/eulaliavalldosera.com\/penelope\/wp-content\/uploads\/2017\/11\/retrat-20120-conferencia-copia-241x300.jpg\" \/>\n<meta name=\"twitter:card\" content=\"summary\" \/>\n<meta name=\"twitter:label1\" content=\"Temps estimat de lectura\" \/>\n\t<meta name=\"twitter:data1\" content=\"3 minuts\" \/>\n<script type=\"application\/ld+json\" class=\"yoast-schema-graph\">{\"@context\":\"https:\/\/schema.org\",\"@graph\":[{\"@type\":\"WebSite\",\"@id\":\"https:\/\/eulaliavalldosera.com\/penelope\/#website\",\"url\":\"https:\/\/eulaliavalldosera.com\/penelope\/\",\"name\":\"Penelope has a voice\",\"description\":\"Altre lloc gestionat amb el WordPress\",\"potentialAction\":[{\"@type\":\"SearchAction\",\"target\":{\"@type\":\"EntryPoint\",\"urlTemplate\":\"https:\/\/eulaliavalldosera.com\/penelope\/?s={search_term_string}\"},\"query-input\":\"required name=search_term_string\"}],\"inLanguage\":\"ca\"},{\"@type\":\"ImageObject\",\"@id\":\"https:\/\/eulaliavalldosera.com\/penelope\/bio\/#primaryimage\",\"inLanguage\":\"ca\",\"url\":\"http:\/\/eulaliavalldosera.com\/penelope\/wp-content\/uploads\/2017\/11\/retrat-20120-conferencia-copia-241x300.jpg\",\"contentUrl\":\"http:\/\/eulaliavalldosera.com\/penelope\/wp-content\/uploads\/2017\/11\/retrat-20120-conferencia-copia-241x300.jpg\"},{\"@type\":\"WebPage\",\"@id\":\"https:\/\/eulaliavalldosera.com\/penelope\/bio\/#webpage\",\"url\":\"https:\/\/eulaliavalldosera.com\/penelope\/bio\/\",\"name\":\"Bio - Penelope has a voice\",\"isPartOf\":{\"@id\":\"https:\/\/eulaliavalldosera.com\/penelope\/#website\"},\"primaryImageOfPage\":{\"@id\":\"https:\/\/eulaliavalldosera.com\/penelope\/bio\/#primaryimage\"},\"datePublished\":\"2017-11-07T17:47:08+00:00\",\"dateModified\":\"2017-11-07T17:47:08+00:00\",\"breadcrumb\":{\"@id\":\"https:\/\/eulaliavalldosera.com\/penelope\/bio\/#breadcrumb\"},\"inLanguage\":\"ca\",\"potentialAction\":[{\"@type\":\"ReadAction\",\"target\":[\"https:\/\/eulaliavalldosera.com\/penelope\/bio\/\"]}]},{\"@type\":\"BreadcrumbList\",\"@id\":\"https:\/\/eulaliavalldosera.com\/penelope\/bio\/#breadcrumb\",\"itemListElement\":[{\"@type\":\"ListItem\",\"position\":1,\"name\":\"Inici\",\"item\":\"https:\/\/eulaliavalldosera.com\/penelope\/\"},{\"@type\":\"ListItem\",\"position\":2,\"name\":\"Bio\"}]}]}<\/script>\n<!-- \/ Yoast SEO plugin. -->","yoast_head_json":{"title":"Bio - Penelope has a voice","robots":{"index":"index","follow":"follow","max-snippet":"max-snippet:-1","max-image-preview":"max-image-preview:large","max-video-preview":"max-video-preview:-1"},"canonical":"https:\/\/eulaliavalldosera.com\/penelope\/bio\/","og_locale":"ca_ES","og_type":"article","og_title":"Bio - Penelope has a voice","og_description":"&nbsp; Bio &nbsp;","og_url":"https:\/\/eulaliavalldosera.com\/penelope\/bio\/","og_site_name":"Penelope has a voice","og_image":[{"url":"http:\/\/eulaliavalldosera.com\/penelope\/wp-content\/uploads\/2017\/11\/retrat-20120-conferencia-copia-241x300.jpg"}],"twitter_card":"summary","twitter_misc":{"Temps estimat de lectura":"3 minuts"},"schema":{"@context":"https:\/\/schema.org","@graph":[{"@type":"WebSite","@id":"https:\/\/eulaliavalldosera.com\/penelope\/#website","url":"https:\/\/eulaliavalldosera.com\/penelope\/","name":"Penelope has a voice","description":"Altre lloc gestionat amb el WordPress","potentialAction":[{"@type":"SearchAction","target":{"@type":"EntryPoint","urlTemplate":"https:\/\/eulaliavalldosera.com\/penelope\/?s={search_term_string}"},"query-input":"required name=search_term_string"}],"inLanguage":"ca"},{"@type":"ImageObject","@id":"https:\/\/eulaliavalldosera.com\/penelope\/bio\/#primaryimage","inLanguage":"ca","url":"http:\/\/eulaliavalldosera.com\/penelope\/wp-content\/uploads\/2017\/11\/retrat-20120-conferencia-copia-241x300.jpg","contentUrl":"http:\/\/eulaliavalldosera.com\/penelope\/wp-content\/uploads\/2017\/11\/retrat-20120-conferencia-copia-241x300.jpg"},{"@type":"WebPage","@id":"https:\/\/eulaliavalldosera.com\/penelope\/bio\/#webpage","url":"https:\/\/eulaliavalldosera.com\/penelope\/bio\/","name":"Bio - Penelope has a voice","isPartOf":{"@id":"https:\/\/eulaliavalldosera.com\/penelope\/#website"},"primaryImageOfPage":{"@id":"https:\/\/eulaliavalldosera.com\/penelope\/bio\/#primaryimage"},"datePublished":"2017-11-07T17:47:08+00:00","dateModified":"2017-11-07T17:47:08+00:00","breadcrumb":{"@id":"https:\/\/eulaliavalldosera.com\/penelope\/bio\/#breadcrumb"},"inLanguage":"ca","potentialAction":[{"@type":"ReadAction","target":["https:\/\/eulaliavalldosera.com\/penelope\/bio\/"]}]},{"@type":"BreadcrumbList","@id":"https:\/\/eulaliavalldosera.com\/penelope\/bio\/#breadcrumb","itemListElement":[{"@type":"ListItem","position":1,"name":"Inici","item":"https:\/\/eulaliavalldosera.com\/penelope\/"},{"@type":"ListItem","position":2,"name":"Bio"}]}]}},"_links":{"self":[{"href":"https:\/\/eulaliavalldosera.com\/penelope\/wp-json\/wp\/v2\/pages\/13"}],"collection":[{"href":"https:\/\/eulaliavalldosera.com\/penelope\/wp-json\/wp\/v2\/pages"}],"about":[{"href":"https:\/\/eulaliavalldosera.com\/penelope\/wp-json\/wp\/v2\/types\/page"}],"author":[{"embeddable":true,"href":"https:\/\/eulaliavalldosera.com\/penelope\/wp-json\/wp\/v2\/users\/1"}],"replies":[{"embeddable":true,"href":"https:\/\/eulaliavalldosera.com\/penelope\/wp-json\/wp\/v2\/comments?post=13"}],"version-history":[{"count":1,"href":"https:\/\/eulaliavalldosera.com\/penelope\/wp-json\/wp\/v2\/pages\/13\/revisions"}],"predecessor-version":[{"id":15,"href":"https:\/\/eulaliavalldosera.com\/penelope\/wp-json\/wp\/v2\/pages\/13\/revisions\/15"}],"wp:attachment":[{"href":"https:\/\/eulaliavalldosera.com\/penelope\/wp-json\/wp\/v2\/media?parent=13"}],"curies":[{"name":"wp","href":"https:\/\/api.w.org\/{rel}","templated":true}]}}