{"id":9,"date":"2017-11-07T15:33:22","date_gmt":"2017-11-07T14:33:22","guid":{"rendered":"http:\/\/eulaliavalldosera.com\/penelope\/?page_id=9"},"modified":"2018-05-16T19:08:07","modified_gmt":"2018-05-16T18:08:07","slug":"home","status":"publish","type":"page","link":"https:\/\/eulaliavalldosera.com\/penelope\/","title":{"rendered":"Home"},"content":{"rendered":"<div class=\"su-row\">\n<div class=\"su-column su-column-size-1-2\"><div class=\"su-column-inner su-u-clearfix su-u-trim\">\n<h2>PENELOPE HAS A VOICE<\/h2>\n<h3>by <a href=\"https:\/\/eulaliavalldosera.com\">Eulalia Valldosera<\/a><\/h3>\n<p>the ship of the <b>Antarctic Biennale 2017<\/b>\u00a0travels and I decide to stay in the Pyrenees to engage with several animal species of Antarctica through telepathy, asking them for\u00a0their feelings towards\u00a0this trip and towards\u00a0humanity and I\u00a0record their voices in 6 messages that I send to the crew that listens periodically to them on board <\/div><\/div>\n<div class=\"su-column su-column-size-1-2\"><div class=\"su-column-inner su-u-clearfix su-u-trim\">\n<h2><span style=\"color: #808080;\">PENELOPE TIENE VOZ<\/span><\/h2>\n<p>&nbsp;<\/p>\n<p><span style=\"color: #808080;\">la nave de la <b>Bienal de la Ant\u00e1rtida 2017<\/b> viaja y yo elijo\u00a0quedarme en los Pirineos para conectarme\u00a0mediante\u00a0la telepat\u00eda con especies animales de la Ant\u00e1rtida pregunt\u00e1ndoles por sus sentimientos acerca del viaje y por nosotros y grabo sus voces en 6 mensajes que env\u00edo a la tripulaci\u00f3n que los escucha a bordo peri\u00f3dicamente\u00a0<\/span><\/div><\/div>\n<\/div>\n<p>&nbsp;<\/p>\n<style type='text\/css' media='all'>#rt-tpg-container-1863946352 .rt-holder .rt-woo-info .price{color:#4c4c4c;}body .rt-tpg-container .rt-tpg-isotope-buttons .selected, \r\n\t\t\t\t\t\t#rt-tpg-container-1863946352 .layout12 .rt-holder:hover .rt-detail, \r\n\t\t\t\t\t\t#rt-tpg-container-1863946352 .isotope8 .rt-holder:hover .rt-detail, \r\n\t\t\t\t\t\t#rt-tpg-container-1863946352 .carousel8 .rt-holder:hover .rt-detail,\r\n\t\t\t\t        #rt-tpg-container-1863946352 .layout13 .rt-holder .overlay .post-info, \r\n\t\t\t\t        #rt-tpg-container-1863946352 .isotope9 .rt-holder .overlay .post-info, \r\n\t\t\t\t        #rt-tpg-container-1863946352.rt-tpg-container .layout4 .rt-holder .rt-detail,\r\n\t\t\t\t        .rt-modal-1863946352 .md-content, \r\n\t\t\t\t        .rt-modal-1863946352 .md-content > .rt-md-content-holder .rt-md-content, \r\n\t\t\t\t        .rt-popup-wrap-1863946352.rt-popup-wrap .rt-popup-navigation-wrap, \r\n\t\t\t\t        #rt-tpg-container-1863946352 .carousel9 .rt-holder .overlay .post-info{background-color:#4c4c4c;}#rt-tpg-container-1863946352 .layout5 .rt-holder .overlay, #rt-tpg-container-1863946352 .isotope2 .rt-holder .overlay, #rt-tpg-container-1863946352 .carousel2 .rt-holder .overlay,#rt-tpg-container-1863946352 .layout15 .rt-holder h3, #rt-tpg-container-1863946352 .isotope11 .rt-holder h3, #rt-tpg-container-1863946352 .carousel11 .rt-holder h3, #rt-tpg-container-1863946352 .layout16 .rt-holder h3,\r\n\t\t\t\t\t#rt-tpg-container-1863946352 .isotope12 .rt-holder h3, #rt-tpg-container-1863946352 .carousel12 .rt-holder h3 {background-color:rgba(76,76,76,0.8);}#rt-tpg-container-1863946352 .pagination-list li a,\r\n\t\t\t\t            rt-tpg-container-1863946352 .pagination-list li span, \r\n\t\t\t\t            rt-tpg-container-1863946352 .pagination li a,\r\n\t\t\t\t\t\t\t#rt-tpg-container-1863946352 .rt-tpg-isotope-buttons button, \r\n\t\t\t\t\t\t\t#rt-tpg-container-1863946352 .rt-tpg-utility .rt-tpg-load-more button,\r\n\t\t\t\t\t\t\t#rt-tpg-container-1863946352.rt-tpg-container .swiper-navigation .slider-btn,\r\n\t\t\t\t\t\t\t#rt-tpg-container-1863946352.rt-tpg-container .swiper-pagination-bullet,\r\n\t\t\t\t\t\t\t#rt-tpg-container-1863946352 .wc1 .rt-holder .rt-img-holder .overlay .product-more ul li a,\r\n\t\t\t\t\t\t\t#rt-tpg-container-1863946352 .wc2 .rt-detail .rt-wc-add-to-cart,\r\n\t\t\t\t\t\t\t#rt-tpg-container-1863946352 .wc3 .rt-detail .rt-wc-add-to-cart,\r\n\t\t\t\t\t\t\t#rt-tpg-container-1863946352 .wc4 .rt-detail .rt-wc-add-to-cart,\r\n\t\t\t\t\t\t\t#rt-tpg-container-1863946352 .wc-carousel2 .rt-detail .rt-wc-add-to-cart,\r\n\t\t\t\t\t\t\t#rt-tpg-container-1863946352 .wc-isotope2 .rt-detail .rt-wc-add-to-cart,\r\n\t\t\t\t\t\t\t#rt-tpg-container-1863946352 .rt-layout-filter-container .rt-filter-wrap .rt-filter-item-wrap.rt-filter-dropdown-wrap .rt-filter-dropdown,\r\n\t\t\t\t\t\t\t#rt-tpg-container-1863946352 .rt-layout-filter-container .rt-filter-sub-tax.sub-button-group .rt-filter-button-item,\r\n\t\t\t\t\t\t\t#rt-tpg-container-1863946352.rt-tpg-container .rt-pagination-wrap .rt-page-numbers .paginationjs .paginationjs-pages ul li>a,\r\n\t\t\t\t\t\t\t#rt-tpg-container-1863946352 .rt-filter-item-wrap.rt-filter-button-wrap span.rt-filter-button-item,\r\n\t\t\t\t\t\t\t#rt-tpg-container-1863946352.rt-tpg-container .rt-pagination-wrap  .rt-loadmore-btn,\r\n\t\t\t\t\t\t\t#rt-tpg-container-1863946352.rt-tpg-container .rt-pagination-wrap .rt-cb-page-prev-next > *,\r\n\t\t\t\t\t\t\t#rt-tpg-container-1863946352 .rt-read-more,\r\n\t\t\t\t\t\t\t#rt-tooltip-1863946352, #rt-tooltip-1863946352 .rt-tooltip-bottom:after{background-color:#4c4c4c;}#rt-tpg-container-1863946352 .rt-filter-item-wrap.rt-filter-button-wrap span.rt-filter-button-item,\r\n\t\t\t\t\t\t#rt-tpg-container-1863946352 .rt-layout-filter-container .rt-filter-sub-tax.sub-button-group .rt-filter-button-item{border-color:#4c4c4c;}#rt-tpg-container-1863946352.rt-tpg-container .layout17 .rt-holder .overlay a.tpg-zoom .fa{color:#4c4c4c;}#rt-tpg-container-1863946352 .rt-holder .read-more a {background-color:#4c4c4c;padding: 8px 15px;}#rt-tpg-container-1863946352 .pagination li.active span, \r\n                        #rt-tpg-container-1863946352 .pagination-list li.active span,\r\n\t\t\t\t\t\t#rt-tpg-container-1863946352 .rt-tpg-isotope-buttons button.selected,\r\n\t\t\t\t\t\t#rt-tpg-container-1863946352 .rt-filter-item-wrap.rt-filter-button-wrap span.rt-filter-button-item.selected, \r\n\t\t\t\t\t\t#rt-tpg-container-1863946352 .rt-layout-filter-container .rt-filter-sub-tax.sub-button-group .rt-filter-button-item.selected,\r\n\t\t\t\t\t\t#rt-tpg-container-1863946352.rt-tpg-container .rt-pagination-wrap .rt-page-numbers .paginationjs .paginationjs-pages ul li.active>a, \r\n\t\t\t\t\t\t#rt-tpg-container-1863946352.rt-tpg-container .swiper-pagination-bullet.swiper-pagination-bullet-active-main{background-color:#4c4c4c;}#rt-tpg-container-1863946352 .rt-filter-item-wrap.rt-filter-button-wrap span.rt-filter-button-item.selected,\r\n\t\t\t\t\t\t#rt-tpg-container-1863946352 .rt-layout-filter-container .rt-filter-sub-tax.sub-button-group .rt-filter-button-item.selected,\r\n\t\t\t\t\t\t#rt-tpg-container-1863946352.rt-tpg-container .rt-pagination-wrap .rt-page-numbers .paginationjs .paginationjs-pages ul li.active>a{border-color:#4c4c4c;}#rt-tpg-container-1863946352 .pagination-list li a:hover,\r\n                        #rt-tpg-container-1863946352 .pagination li a:hover,\r\n\t\t\t\t\t\t#rt-tpg-container-1863946352 .rt-tpg-isotope-buttons button:hover,\r\n\t\t\t\t\t\t#rt-tpg-container-1863946352 .rt-holder .read-more a:hover,\r\n\t\t\t\t\t\t#rt-tpg-container-1863946352 .rt-tpg-utility .rt-tpg-load-more button:hover,\r\n\t\t\t\t\t\t#rt-tpg-container-1863946352.rt-tpg-container .swiper-pagination-bullet:hover,\r\n\t\t\t\t\t\t#rt-tpg-container-1863946352.rt-tpg-container .swiper-navigation .slider-btn:hover,\r\n\t\t\t\t\t\t#rt-tpg-container-1863946352 .wc1 .rt-holder .rt-img-holder .overlay .product-more ul li a:hover,\r\n\t\t\t\t\t\t#rt-tpg-container-1863946352 .wc2 .rt-detail .rt-wc-add-to-cart:hover,\r\n\t\t\t\t\t\t#rt-tpg-container-1863946352 .wc3 .rt-detail .rt-wc-add-to-cart:hover,\r\n\t\t\t\t\t\t#rt-tpg-container-1863946352 .wc4 .rt-detail .rt-wc-add-to-cart:hover,\r\n\t\t\t\t\t\t#rt-tpg-container-1863946352 .wc-carousel2 .rt-detail .rt-wc-add-to-cart:hover,\r\n\t\t\t\t\t\t#rt-tpg-container-1863946352 .wc-isotope2 .rt-detail .rt-wc-add-to-cart:hover,\r\n\t\t\t\t\t\t#rt-tpg-container-1863946352 .rt-layout-filter-container .rt-filter-wrap .rt-filter-item-wrap.rt-filter-dropdown-wrap .rt-filter-dropdown .rt-filter-dropdown-item:hover,\r\n\t\t\t\t\t\t#rt-tpg-container-1863946352 .rt-layout-filter-container .rt-filter-wrap .rt-filter-item-wrap.rt-filter-dropdown-wrap .rt-filter-dropdown .rt-filter-dropdown-item.selected,\r\n\t\t\t\t\t\t#rt-tpg-container-1863946352 .rt-filter-item-wrap.rt-filter-button-wrap span.rt-filter-button-item:hover,\r\n\t\t\t\t\t\t#rt-tpg-container-1863946352 .rt-layout-filter-container .rt-filter-sub-tax.sub-button-group .rt-filter-button-item:hover,\r\n\t\t\t\t\t\t#rt-tpg-container-1863946352.rt-tpg-container .rt-pagination-wrap .rt-page-numbers .paginationjs .paginationjs-pages ul li>a:hover,\r\n\t\t\t\t\t\t#rt-tpg-container-1863946352.rt-tpg-container .rt-pagination-wrap .rt-cb-page-prev-next > *:hover,\r\n\t\t\t\t\t\t#rt-tpg-container-1863946352.rt-tpg-container .rt-pagination-wrap  .rt-loadmore-btn:hover,\r\n\t\t\t\t\t\t#rt-tpg-container-1863946352 .rt-read-more:hover,\r\n\t\t\t\t\t\t#rt-tpg-container-1863946352 .rt-tpg-utility .rt-tpg-load-more button:hover{background-color:#4c4c4c;}#rt-tpg-container-1863946352 .rt-filter-item-wrap.rt-filter-button-wrap span.rt-filter-button-item:hover,\r\n\t\t\t\t\t\t#rt-tpg-container-1863946352 .rt-layout-filter-container .rt-filter-sub-tax.sub-button-group .rt-filter-button-item:hover,\r\n\t\t\t\t\t\t#rt-tpg-container-1863946352.rt-tpg-container .swiper-navigation .slider-btn:hover,\r\n\t\t\t\t\t\t#rt-tpg-container-1863946352.rt-tpg-container .rt-pagination-wrap .rt-page-numbers .paginationjs .paginationjs-pages ul li>a:hover{border-color:#4c4c4c;}#rt-tpg-container-1863946352.rt-tpg-container .layout17 .rt-holder .overlay a.tpg-zoom:hover .fa{color:#4c4c4c;}#rt-tpg-container-1863946352 .pagination-list li a,\r\n                #rt-tpg-container-1863946352 .pagination li a,\r\n\t\t\t\t#rt-tpg-container-1863946352 .rt-tpg-isotope-buttons button,\r\n\t\t\t\t#rt-tpg-container-1863946352 .rt-holder .read-more a,\r\n\t\t\t\t#rt-tpg-container-1863946352 .rt-tpg-utility .rt-tpg-load-more button,\r\n\t\t\t\t#rt-tpg-container-1863946352.rt-tpg-container .swiper-navigation .slider-btn,\r\n\t\t\t\t#rt-tpg-container-1863946352 .wc1 .rt-holder .rt-img-holder .overlay .product-more ul li a,\r\n\t\t\t\t#rt-tpg-container-1863946352 .edd1 .rt-holder .rt-img-holder .overlay .product-more ul li a,\r\n\t\t\t\t#rt-tpg-container-1863946352 .wc2 .rt-detail .rt-wc-add-to-cart,\r\n\t\t\t\t#rt-tpg-container-1863946352 .wc3 .rt-detail .rt-wc-add-to-cart,\r\n\t\t\t\t#rt-tpg-container-1863946352 .edd2 .rt-detail .rt-wc-add-to-cart,\r\n\t\t\t\t#rt-tpg-container-1863946352 .wc4 .rt-detail .rt-wc-add-to-cart,\r\n\t\t\t\t#rt-tpg-container-1863946352 .edd3 .rt-detail .rt-wc-add-to-cart,\r\n\t\t\t\t#rt-tpg-container-1863946352 .wc-carousel2 .rt-detail .rt-wc-add-to-cart,\r\n\t\t\t\t#rt-tpg-container-1863946352 .wc-isotope2 .rt-detail .rt-wc-add-to-cart,\r\n\t\t\t\t#rt-tpg-container-1863946352 .rt-tpg-utility .rt-tpg-load-more button,\r\n\t\t\t\t#rt-tooltip-1863946352, \r\n\t\t\t\t#rt-tpg-container-1863946352 .rt-filter-item-wrap.rt-filter-button-wrap span.rt-filter-button-item,\r\n\t\t\t\t#rt-tpg-container-1863946352 .rt-layout-filter-container .rt-filter-sub-tax.sub-button-group .rt-filter-button-item,\r\n\t\t\t\t#rt-tpg-container-1863946352 .rt-layout-filter-container .rt-filter-wrap .rt-filter-item-wrap.rt-sort-order-action,\r\n\t\t\t\t#rt-tpg-container-1863946352 .rt-layout-filter-container .rt-filter-wrap .rt-filter-item-wrap.rt-filter-dropdown-wrap .rt-filter-dropdown .rt-filter-dropdown-item,\r\n\t\t\t\t#rt-tpg-container-1863946352.rt-tpg-container .rt-pagination-wrap .rt-page-numbers .paginationjs .paginationjs-pages ul li>a,\r\n\t\t\t\t#rt-tpg-container-1863946352.rt-tpg-container .rt-pagination-wrap .rt-cb-page-prev-next > *,\r\n\t\t\t\t#rt-tpg-container-1863946352.rt-tpg-container .rt-pagination-wrap  .rt-loadmore-btn,\r\n\t\t\t\t#rt-tpg-container-1863946352 .rt-read-more,\r\n\t\t\t\t#rt-tooltip-1863946352 .rt-tooltip-bottom:after{color:#4c4c4c;}#rt-tpg-container-1863946352 .read-more a{border-radius:px;}#rt-tpg-container-1863946352 .rt-img-holder img.rt-img-responsive,#rt-tpg-container-1863946352 .rt-img-holder,\r\n\t\t\t\t#rt-tpg-container-1863946352 .rt-post-overlay .post-img,\r\n\t\t\t\t#rt-tpg-container-1863946352 .post-sm .post-img,\r\n\t\t\t\t#rt-tpg-container-1863946352 .rt-post-grid .post-img,\r\n\t\t\t\t#rt-tpg-container-1863946352 .post-img img {border-radius:px;}#rt-tpg-container-1863946352 .layout1 .rt-holder h2.entry-title,\r\n                #rt-tpg-container-1863946352 .layout1 .rt-holder h3.entry-title,\r\n                #rt-tpg-container-1863946352 .layout1 .rt-holder h4.entry-title,\r\n                #rt-tpg-container-1863946352 .layout1 .rt-holder h2.entry-title a,\r\n                #rt-tpg-container-1863946352 .layout1 .rt-holder h3.entry-title a,\r\n                #rt-tpg-container-1863946352 .layout1 .rt-holder h4.entry-title a,\r\n                #rt-tpg-container-1863946352 .rt-holder .rt-woo-info h2 a,\r\n                #rt-tpg-container-1863946352 .rt-holder .rt-woo-info h3 a,\r\n                #rt-tpg-container-1863946352 .rt-holder .rt-woo-info h4 a,\r\n                #rt-tpg-container-1863946352 .post-content .post-title,\r\n                #rt-tpg-container-1863946352 .rt-post-grid .post-title,\r\n                #rt-tpg-container-1863946352 .rt-post-grid .post-title a,\r\n                #rt-tpg-container-1863946352 .post-content .post-title a,\r\n                #rt-tpg-container-1863946352 .rt-holder .rt-woo-info h2,\r\n                #rt-tpg-container-1863946352 .rt-holder .rt-woo-info h3,\r\n                #rt-tpg-container-1863946352 .rt-holder .rt-woo-info h4{color:#4c4c4c;}<\/style><div class='rt-container-fluid rt-tpg-container ' id='rt-tpg-container-1863946352'   data-layout='layout1' data-grid-style='even' data-desktop-col='3'  data-tab-col='2'  data-mobile-col='1' data-sc-id='49'><div data-title='Loading ...' class='rt-row rt-content-loader layout1 tpg-even '><div class=\"rt-col-md-4 rt-col-sm-6 rt-col-xs-12 even-grid-item rt-grid-item\" data-id=\"46\"><div class=\"rt-holder\"><div class=\"rt-img-holder\"><a data-id=\"46\" class=\"\" href=\"https:\/\/eulaliavalldosera.com\/penelope\/message-num-1-whales-part-1\/\"><img width=\"620\" height=\"348\" src=\"https:\/\/eulaliavalldosera.com\/penelope\/wp-content\/uploads\/2017\/11\/num1-1024x575.jpg\" class=\"rt-img-responsive\" alt=\"\" \/><\/a><\/div><div class='rt-detail'><h3 class=\"entry-title\"><a data-id=\"46\" class=\"\" href=\"https:\/\/eulaliavalldosera.com\/penelope\/message-num-1-whales-part-1\/\">message num. 1 \/\/ WHALES (part 1)<\/a><\/h3><\/div><\/div><\/div><div class=\"rt-col-md-4 rt-col-sm-6 rt-col-xs-12 even-grid-item rt-grid-item\" data-id=\"51\"><div class=\"rt-holder\"><div class=\"rt-img-holder\"><a data-id=\"51\" class=\"\" href=\"https:\/\/eulaliavalldosera.com\/penelope\/message-num-2-dolphins\/\"><img width=\"620\" height=\"349\" src=\"https:\/\/eulaliavalldosera.com\/penelope\/wp-content\/uploads\/2017\/11\/num2-1024x576.jpg\" class=\"rt-img-responsive\" alt=\"\" \/><\/a><\/div><div class='rt-detail'><h3 class=\"entry-title\"><a data-id=\"51\" class=\"\" href=\"https:\/\/eulaliavalldosera.com\/penelope\/message-num-2-dolphins\/\">message num. 2 \/\/ DOLPHINS<\/a><\/h3><\/div><\/div><\/div><div class=\"rt-col-md-4 rt-col-sm-6 rt-col-xs-12 even-grid-item rt-grid-item\" data-id=\"54\"><div class=\"rt-holder\"><div class=\"rt-img-holder\"><a data-id=\"54\" class=\"\" href=\"https:\/\/eulaliavalldosera.com\/penelope\/message-num-3-jellyfish-part-1\/\"><img width=\"620\" height=\"349\" src=\"https:\/\/eulaliavalldosera.com\/penelope\/wp-content\/uploads\/2017\/11\/num-3-1024x576.jpg\" class=\"rt-img-responsive\" alt=\"\" \/><\/a><\/div><div class='rt-detail'><h3 class=\"entry-title\"><a data-id=\"54\" class=\"\" href=\"https:\/\/eulaliavalldosera.com\/penelope\/message-num-3-jellyfish-part-1\/\">message num 3 \/\/ JELLYFISH (part 1)<\/a><\/h3><\/div><\/div><\/div><div class=\"rt-col-md-4 rt-col-sm-6 rt-col-xs-12 even-grid-item rt-grid-item\" data-id=\"57\"><div class=\"rt-holder\"><div class=\"rt-img-holder\"><a data-id=\"57\" class=\"\" href=\"https:\/\/eulaliavalldosera.com\/penelope\/message-num-4-jellyfish-part-2\/\"><img width=\"620\" height=\"349\" src=\"https:\/\/eulaliavalldosera.com\/penelope\/wp-content\/uploads\/2017\/11\/num-4-1024x576.jpg\" class=\"rt-img-responsive\" alt=\"\" \/><\/a><\/div><div class='rt-detail'><h3 class=\"entry-title\"><a data-id=\"57\" class=\"\" href=\"https:\/\/eulaliavalldosera.com\/penelope\/message-num-4-jellyfish-part-2\/\">message num 4 \/\/ JELLYFISH (part 2)<\/a><\/h3><\/div><\/div><\/div><div class=\"rt-col-md-4 rt-col-sm-6 rt-col-xs-12 even-grid-item rt-grid-item\" data-id=\"60\"><div class=\"rt-holder\"><div class=\"rt-img-holder\"><a data-id=\"60\" class=\"\" href=\"https:\/\/eulaliavalldosera.com\/penelope\/message-num-5-penguins\/\"><img width=\"620\" height=\"349\" src=\"https:\/\/eulaliavalldosera.com\/penelope\/wp-content\/uploads\/2017\/04\/message-num-5-1024x576.jpg\" class=\"rt-img-responsive\" alt=\"\" \/><\/a><\/div><div class='rt-detail'><h3 class=\"entry-title\"><a data-id=\"60\" class=\"\" href=\"https:\/\/eulaliavalldosera.com\/penelope\/message-num-5-penguins\/\">message num 5 \/\/ PENGUINS<\/a><\/h3><\/div><\/div><\/div><div class=\"rt-col-md-4 rt-col-sm-6 rt-col-xs-12 even-grid-item rt-grid-item\" data-id=\"63\"><div class=\"rt-holder\"><div class=\"rt-img-holder\"><a data-id=\"63\" class=\"\" href=\"https:\/\/eulaliavalldosera.com\/penelope\/message-num-6-whales-part-2\/\"><img width=\"620\" height=\"348\" src=\"https:\/\/eulaliavalldosera.com\/penelope\/wp-content\/uploads\/2017\/11\/message-num-6-973x546.jpeg\" class=\"rt-img-responsive\" alt=\"\" \/><\/a><\/div><div class='rt-detail'><h3 class=\"entry-title\"><a data-id=\"63\" class=\"\" href=\"https:\/\/eulaliavalldosera.com\/penelope\/message-num-6-whales-part-2\/\">message num 6 \/\/ WHALES (part 2)<\/a><\/h3><\/div><\/div><\/div><\/div><\/div>\n","protected":false},"excerpt":{"rendered":"<p>&nbsp;<\/p>\n","protected":false},"author":1,"featured_media":0,"parent":0,"menu_order":0,"comment_status":"closed","ping_status":"closed","template":"","meta":[],"yoast_head":"<!-- This site is optimized with the Yoast SEO plugin v18.0 - https:\/\/yoast.com\/wordpress\/plugins\/seo\/ -->\n<title>Home - Penelope has a voice<\/title>\n<meta name=\"robots\" content=\"index, follow, max-snippet:-1, max-image-preview:large, max-video-preview:-1\" \/>\n<link rel=\"canonical\" href=\"https:\/\/eulaliavalldosera.com\/penelope\/\" \/>\n<meta property=\"og:locale\" content=\"ca_ES\" \/>\n<meta property=\"og:type\" content=\"article\" \/>\n<meta property=\"og:title\" content=\"Home - Penelope has a voice\" \/>\n<meta property=\"og:description\" content=\"&nbsp;\" \/>\n<meta property=\"og:url\" content=\"https:\/\/eulaliavalldosera.com\/penelope\/\" \/>\n<meta property=\"og:site_name\" content=\"Penelope has a voice\" \/>\n<meta property=\"article:modified_time\" content=\"2018-05-16T18:08:07+00:00\" \/>\n<meta name=\"twitter:card\" content=\"summary\" \/>\n<meta name=\"twitter:label1\" content=\"Temps estimat de lectura\" \/>\n\t<meta name=\"twitter:data1\" content=\"1 minut\" \/>\n<script type=\"application\/ld+json\" class=\"yoast-schema-graph\">{\"@context\":\"https:\/\/schema.org\",\"@graph\":[{\"@type\":\"WebSite\",\"@id\":\"https:\/\/eulaliavalldosera.com\/penelope\/#website\",\"url\":\"https:\/\/eulaliavalldosera.com\/penelope\/\",\"name\":\"Penelope has a voice\",\"description\":\"Altre lloc gestionat amb el WordPress\",\"potentialAction\":[{\"@type\":\"SearchAction\",\"target\":{\"@type\":\"EntryPoint\",\"urlTemplate\":\"https:\/\/eulaliavalldosera.com\/penelope\/?s={search_term_string}\"},\"query-input\":\"required name=search_term_string\"}],\"inLanguage\":\"ca\"},{\"@type\":\"WebPage\",\"@id\":\"https:\/\/eulaliavalldosera.com\/penelope\/#webpage\",\"url\":\"https:\/\/eulaliavalldosera.com\/penelope\/\",\"name\":\"Home - Penelope has a voice\",\"isPartOf\":{\"@id\":\"https:\/\/eulaliavalldosera.com\/penelope\/#website\"},\"datePublished\":\"2017-11-07T14:33:22+00:00\",\"dateModified\":\"2018-05-16T18:08:07+00:00\",\"breadcrumb\":{\"@id\":\"https:\/\/eulaliavalldosera.com\/penelope\/#breadcrumb\"},\"inLanguage\":\"ca\",\"potentialAction\":[{\"@type\":\"ReadAction\",\"target\":[\"https:\/\/eulaliavalldosera.com\/penelope\/\"]}]},{\"@type\":\"BreadcrumbList\",\"@id\":\"https:\/\/eulaliavalldosera.com\/penelope\/#breadcrumb\",\"itemListElement\":[{\"@type\":\"ListItem\",\"position\":1,\"name\":\"Inici\",\"item\":\"https:\/\/eulaliavalldosera.com\/penelope\/\"},{\"@type\":\"ListItem\",\"position\":2,\"name\":\"Home\"}]}]}<\/script>\n<!-- \/ Yoast SEO plugin. -->","yoast_head_json":{"title":"Home - Penelope has a voice","robots":{"index":"index","follow":"follow","max-snippet":"max-snippet:-1","max-image-preview":"max-image-preview:large","max-video-preview":"max-video-preview:-1"},"canonical":"https:\/\/eulaliavalldosera.com\/penelope\/","og_locale":"ca_ES","og_type":"article","og_title":"Home - Penelope has a voice","og_description":"&nbsp;","og_url":"https:\/\/eulaliavalldosera.com\/penelope\/","og_site_name":"Penelope has a voice","article_modified_time":"2018-05-16T18:08:07+00:00","twitter_card":"summary","twitter_misc":{"Temps estimat de lectura":"1 minut"},"schema":{"@context":"https:\/\/schema.org","@graph":[{"@type":"WebSite","@id":"https:\/\/eulaliavalldosera.com\/penelope\/#website","url":"https:\/\/eulaliavalldosera.com\/penelope\/","name":"Penelope has a voice","description":"Altre lloc gestionat amb el WordPress","potentialAction":[{"@type":"SearchAction","target":{"@type":"EntryPoint","urlTemplate":"https:\/\/eulaliavalldosera.com\/penelope\/?s={search_term_string}"},"query-input":"required name=search_term_string"}],"inLanguage":"ca"},{"@type":"WebPage","@id":"https:\/\/eulaliavalldosera.com\/penelope\/#webpage","url":"https:\/\/eulaliavalldosera.com\/penelope\/","name":"Home - Penelope has a voice","isPartOf":{"@id":"https:\/\/eulaliavalldosera.com\/penelope\/#website"},"datePublished":"2017-11-07T14:33:22+00:00","dateModified":"2018-05-16T18:08:07+00:00","breadcrumb":{"@id":"https:\/\/eulaliavalldosera.com\/penelope\/#breadcrumb"},"inLanguage":"ca","potentialAction":[{"@type":"ReadAction","target":["https:\/\/eulaliavalldosera.com\/penelope\/"]}]},{"@type":"BreadcrumbList","@id":"https:\/\/eulaliavalldosera.com\/penelope\/#breadcrumb","itemListElement":[{"@type":"ListItem","position":1,"name":"Inici","item":"https:\/\/eulaliavalldosera.com\/penelope\/"},{"@type":"ListItem","position":2,"name":"Home"}]}]}},"_links":{"self":[{"href":"https:\/\/eulaliavalldosera.com\/penelope\/wp-json\/wp\/v2\/pages\/9"}],"collection":[{"href":"https:\/\/eulaliavalldosera.com\/penelope\/wp-json\/wp\/v2\/pages"}],"about":[{"href":"https:\/\/eulaliavalldosera.com\/penelope\/wp-json\/wp\/v2\/types\/page"}],"author":[{"embeddable":true,"href":"https:\/\/eulaliavalldosera.com\/penelope\/wp-json\/wp\/v2\/users\/1"}],"replies":[{"embeddable":true,"href":"https:\/\/eulaliavalldosera.com\/penelope\/wp-json\/wp\/v2\/comments?post=9"}],"version-history":[{"count":3,"href":"https:\/\/eulaliavalldosera.com\/penelope\/wp-json\/wp\/v2\/pages\/9\/revisions"}],"predecessor-version":[{"id":84,"href":"https:\/\/eulaliavalldosera.com\/penelope\/wp-json\/wp\/v2\/pages\/9\/revisions\/84"}],"wp:attachment":[{"href":"https:\/\/eulaliavalldosera.com\/penelope\/wp-json\/wp\/v2\/media?parent=9"}],"curies":[{"name":"wp","href":"https:\/\/api.w.org\/{rel}","templated":true}]}}